{"id":65,"date":"2022-12-19T14:42:20","date_gmt":"2022-12-19T13:42:20","guid":{"rendered":"https:\/\/www.wind.coop\/en\/?page_id=65"},"modified":"2023-09-18T10:45:34","modified_gmt":"2023-09-18T08:45:34","slug":"the-plan","status":"publish","type":"page","link":"https:\/\/test.wind.coop\/en\/the-plan\/","title":{"rendered":"The plan"},"content":{"rendered":"\n<h2 class=\"wp-block-heading has-text-align-center\">The need for a new norm<\/h2>\n\n\n\n<div class=\"wp-block-coopi-media-text\"><figure class=\"wp-block-media-text__media\"><img decoding=\"async\" src=\"https:\/\/www.wind.coop\/app\/uploads\/2022\/05\/bougerligne.svg\" alt=\"\" class=\"wp-image-123 size-undefined\" \/><\/figure><div class=\"wp-block-media-text__content\">\n<div class=\"wp-block-coopi-hero-title\"><h2 class=\"wp-block-coopi-hero-title__title\"><em class=\"wp-block-coopi-hero-title__prefix\" title=\"displayPrefix\"><\/em><span class=\"wp-block-coopi-hero-title__title\" title=\"displayTitle\"><strong><strong><strong><strong>The will to stir things up on maritime transport<\/strong><\/strong><\/strong><\/strong><\/span><\/h2><\/div>\n\n\n\n<p>Windcoop aims to <strong>boost change in the ubiquitous maritime trade industry<\/strong>. We want to create a <strong>new norm<\/strong> by offering a citizen functioning, economically responsible and respectful of people and the environment.<\/p>\n<\/div><\/div>\n\n\n\n<div class=\"wp-block-coopi-media-text\"><figure class=\"wp-block-media-text__media\"><img decoding=\"async\" src=\"https:\/\/www.wind.coop\/app\/uploads\/2022\/05\/feuilleverte.svg\" alt=\"\" class=\"wp-image-125 size-undefined\" \/><\/figure><div class=\"wp-block-media-text__content\">\n<div class=\"wp-block-coopi-hero-title\"><h2 class=\"wp-block-coopi-hero-title__title\"><em class=\"wp-block-coopi-hero-title__prefix\" title=\"displayPrefix\"><\/em><span class=\"wp-block-coopi-hero-title__title\" title=\"displayTitle\"><strong><strong><strong>An ecological issue<\/strong><\/strong><\/strong><\/span><\/h2><\/div>\n\n\n\n<p>Today <strong>90% of world trade<\/strong> in goods are carried by sea, that represents <strong>3% of CO2 global emissions<\/strong>, or 1 billion tonnes. In other words, if maritime transport were a country, it would be the 6th largest emitter of CO2 on the planet! If nothing is done, CO2 emissions could still increase by 50% by 2050 compared to 2018.*<br><\/p>\n\n\n\n<p>*Source&nbsp;: Windship, Livre Blanc.<\/p>\n<\/div><\/div>\n\n\n\n<div class=\"wp-block-coopi-media-text\"><figure class=\"wp-block-media-text__media\"><img decoding=\"async\" src=\"https:\/\/www.wind.coop\/app\/uploads\/2022\/05\/voile_vent02.svg\" alt=\"\" class=\"wp-image-126 size-undefined\" \/><\/figure><div class=\"wp-block-media-text__content\">\n<div class=\"wp-block-coopi-hero-title\"><h2 class=\"wp-block-coopi-hero-title__title\"><em class=\"wp-block-coopi-hero-title__prefix\" title=\"displayPrefix\"><\/em><span class=\"wp-block-coopi-hero-title__title\" title=\"displayTitle\"><strong><strong><strong>An innovation carried by the wind<\/strong><\/strong><\/strong><\/span><\/h2><\/div>\n\n\n\n<p>Eventually, Windcoop wishes to build a sailing cargo fleet, allowing <strong>up to 90% savings in fossil fuels for propulsion<\/strong>. Wind is a clean, inexhaustible and free energy. Today, the conditions are gathered to build modern sailing cargo and exploit this renewable energy: technologies are available, the market is in demand and regulations benefit the change.<\/p>\n<\/div><\/div>\n\n\n\n<div class=\"wp-block-coopi-section\">\n<h2 class=\"wp-block-heading has-text-align-center\">Act for transition<\/h2>\n\n\n\n<h3 class=\"wp-block-heading\"><strong>A project that respects men and women<\/strong><\/h3>\n\n\n\n<p>Windcoop will define a<strong> fair and equitable <\/strong>hiring, salary and working conditions policy between men and women of onboard and on the ground teams. We aim to involve local populations, pay a fair salary and offer respectful work rhythm.<\/p>\n\n\n\n<hr class=\"wp-block-separator has-alpha-channel-opacity\" \/>\n\n\n\n<div class=\"wp-block-coopi-media-text\"><figure class=\"wp-block-media-text__media\"><img decoding=\"async\" src=\"https:\/\/www.wind.coop\/app\/uploads\/2022\/06\/Terre.svg\" alt=\"\" class=\"wp-image-127 size-undefined\" \/><\/figure><div class=\"wp-block-media-text__content\">\n<h3 class=\"wp-block-heading\"><strong>A sustainable economic system<\/strong><\/h3>\n\n\n\n<p>Windcoop is structured as a <strong>Cooperative Society of Collective Interest in Mission<\/strong>. In addition to voluntary membership open to everyone, democratic and shared governance, a SCIC is radically committed at the financial level. By keeping at least 57.5% of profits in reserves and limiting the possible distribution of dividends cooperatives have an excellent rate of sustainability at 5 years ( sustainability rate is 74% for cooperative societies vs 67% for traditional societies*)<\/p>\n\n\n\n<p>Our goal is to make the transition a success by <strong>reinvesting<\/strong> and sustaining the company, not to enrich ourselves &#8211; <strong>we will therefore limit profit<\/strong> and choose financial partners who share our values.<\/p>\n<\/div><\/div>\n\n\n\n<p>*Source&nbsp;: Rapport Public, Les soci\u00e9t\u00e9s coop\u00e9ratives d&#8217;int\u00e9r\u00eat collectif (SCIC) et les coop\u00e9ratives d&#8217;activit\u00e9 et d&#8217;emploi. Inspection g\u00e9n\u00e9rale des Affaires sociales (2021)<\/p>\n<\/div>\n\n\n\n<div class=\"wp-block-coopi-section\">\n<h2 class=\"wp-block-heading has-text-align-center\"><strong>We lay our cards on the table<\/strong><\/h2>\n\n\n\n<p>Within the sometimes considered opaque maritime sector, Windcoop places itself as a transparent cooperative both in terms of its <strong>organization, governance, financial<\/strong> activity and <strong>strategic choices.<\/strong><br>We will be <strong>transparent<\/strong> up to uneasiness in our rational choices and our financial results will be freely accessible!<\/p>\n\n\n\n<div class=\"wp-block-buttons is-content-justification-center is-layout-flex wp-container-core-buttons-is-layout-16018d1d wp-block-buttons-is-layout-flex\">\n<div class=\"wp-block-button\"><a class=\"wp-block-button__link wp-element-button\" href=\"https:\/\/fr.lita.co\/en\/projects\/925-windcoop?external_origins=153515&amp;utm_source=windcoop&amp;utm_medium=entrepreneurship&amp;utm_campaign=20230105_windcoop_entrepreneurship_crowdfunding-23\">Become a member<\/a><\/div>\n<\/div>\n\n\n\n<p><\/p>\n<\/div>\n\n\n\n<div class=\"wp-block-coopi-section\">\n<h2 class=\"wp-block-heading has-text-align-center\">Windcoop is now member of the Licoornes<\/h2>\n\n\n\n<p>Windcoop is a member of the <strong>Licoornes<\/strong> network which brings together <strong>13 SCICs<\/strong> offering an alternative to multinationals companies. The Licoornes operate in different sectors but they all share the same objective: to build an alternative economic model based on a <strong>democratic<\/strong>, <strong>collective<\/strong>, <strong>ecological<\/strong> and supportive base. Discover them HERE.<\/p>\n<\/div>\n","protected":false},"excerpt":{"rendered":"<p>A militant shipping company to boost change<\/p>\n","protected":false},"author":1,"featured_media":0,"parent":0,"menu_order":0,"comment_status":"closed","ping_status":"closed","template":"","meta":{"_acf_changed":false,"footnotes":""},"class_list":["post-65","page","type-page","status-publish","hentry"],"acf":[],"_links":{"self":[{"href":"https:\/\/test.wind.coop\/en\/wp-json\/wp\/v2\/pages\/65","targetHints":{"allow":["GET"]}}],"collection":[{"href":"https:\/\/test.wind.coop\/en\/wp-json\/wp\/v2\/pages"}],"about":[{"href":"https:\/\/test.wind.coop\/en\/wp-json\/wp\/v2\/types\/page"}],"author":[{"embeddable":true,"href":"https:\/\/test.wind.coop\/en\/wp-json\/wp\/v2\/users\/1"}],"replies":[{"embeddable":true,"href":"https:\/\/test.wind.coop\/en\/wp-json\/wp\/v2\/comments?post=65"}],"version-history":[{"count":0,"href":"https:\/\/test.wind.coop\/en\/wp-json\/wp\/v2\/pages\/65\/revisions"}],"wp:attachment":[{"href":"https:\/\/test.wind.coop\/en\/wp-json\/wp\/v2\/media?parent=65"}],"curies":[{"name":"wp","href":"https:\/\/api.w.org\/{rel}","templated":true}]}}