{"id":60,"date":"2022-12-19T14:40:43","date_gmt":"2022-12-19T13:40:43","guid":{"rendered":"https:\/\/www.wind.coop\/en\/?page_id=60"},"modified":"2024-02-09T11:57:41","modified_gmt":"2024-02-09T10:57:41","slug":"who-we-are","status":"publish","type":"page","link":"https:\/\/test.wind.coop\/en\/who-we-are\/","title":{"rendered":"Who are we?"},"content":{"rendered":"\n<h3 class=\"wp-block-heading\"><strong>Different paths, one horizon<\/strong><\/h3>\n\n\n\n<p>Windcoop was born from the desire to <strong>take concrete action<\/strong> on our current practices to make them evolve. The humans who make Windcoop today are therefore strongly turned towards the future and united around core values \u200b\u200band commitments, allowing<strong> a short-term transition<\/strong>.<\/p>\n\n\n\n<h2 class=\"wp-block-heading has-text-align-center\">Founders<\/h2>\n\n\n\n<h3 class=\"wp-block-heading\">Three players committed to a more sustainable future<\/h3>\n\n\n\n\n\n<div class=\"wp-block-coopi-section\">\n<div class=\"wp-block-coopi-hero-title\"><h2 class=\"wp-block-coopi-hero-title__title\"><em class=\"wp-block-coopi-hero-title__prefix\" title=\"displayPrefix\"><\/em><span class=\"wp-block-coopi-hero-title__title\" title=\"displayTitle\"><strong>Two companies on the initiative of the&nbsp;cooperative<\/strong><\/span><\/h2><\/div>\n\n\n\n<div class=\"wp-block-coopi-columns\">\n<div class=\"wp-block-coopi-column\">\n<figure class=\"wp-block-coopi-image\"><img loading=\"lazy\" decoding=\"async\" width=\"524\" height=\"111\" src=\"https:\/\/www.wind.coop\/app\/uploads\/2022\/05\/zephyr_small.png\" alt=\"\" class=\"wp-image-135\" \/><\/figure>\n\n\n\n<h3 class=\"wp-block-heading\">The pioneers of modern sailing cargo ships<\/h3>\n\n\n\n<p><a href=\"https:\/\/zephyretboree.com\/\"><strong>Z\u00e9phyr &amp; Bor\u00e9e<\/strong><\/a> is a maritime company specialising in building low-carbon ships and a pioneer in modern sail-powered maritime transport. The purpose of Z\u00e9phyr &amp; Bor\u00e9e is to drive this essential transformation of the shipping industry, by designing commercial ships equipped with sails and which use alternatives to fossil-derived fuels.&nbsp;Designer in a joint venture with Jifmar Offshore Services of Canop\u00e9e, the very first modern sailing cargo, Z\u00e9phyr &amp; Bor\u00e9e brings together R&amp;D experts, engineers, architects and experienced merchant navy officers. All convinced that the future of goods transport will go through zero carbon emission boats that respect the environment.<\/p>\n\n\n\n<div class=\"wp-block-buttons is-content-justification-center is-layout-flex wp-container-core-buttons-is-layout-16018d1d wp-block-buttons-is-layout-flex\">\n<div class=\"wp-block-button\"><a class=\"wp-block-button__link wp-element-button\" href=\"https:\/\/zephyretboree.com\/\" target=\"_blank\" rel=\"noreferrer noopener\">Visit website<\/a><\/div>\n<\/div>\n<\/div>\n\n\n\n<div class=\"wp-block-coopi-column\">\n<figure class=\"wp-block-coopi-image\"><img loading=\"lazy\" decoding=\"async\" width=\"524\" height=\"111\" src=\"https:\/\/www.wind.coop\/app\/uploads\/2022\/06\/arcadie_small.png\" alt=\"\" class=\"wp-image-136\" \/><\/figure>\n\n\n\n<h3 class=\"wp-block-heading\">An importer of organic and ethical spices<\/h3>\n\n\n\n<p><a href=\"https:\/\/www.arcadie.fr\/\"><strong>Arcadie<\/strong><\/a> is a major player in France on spices and aromatic plants from organic farming. For more than 30 years, Arcadie\u2019s will is to set up an economic activity without ever losing sight of man and nature respect. In order to control the entire chain from the production to the consumer, the company is committed to invest in low carbon transport. A transport where man and nature are once again at the center of concerns.<\/p>\n\n\n\n<div class=\"wp-block-buttons is-content-justification-center is-layout-flex wp-container-core-buttons-is-layout-16018d1d wp-block-buttons-is-layout-flex\">\n<div class=\"wp-block-button\"><a class=\"wp-block-button__link wp-element-button\" href=\"https:\/\/www.arcadie.fr\/\" target=\"_blank\" rel=\"noreferrer noopener\">Visit website<\/a><\/div>\n<\/div>\n<\/div>\n<\/div>\n<\/div>\n\n\n\n<div class=\"wp-block-coopi-section\">\n<h2 class=\"wp-block-heading has-text-align-center\"><strong>Operational<\/strong><\/h2>\n\n\n\n<p>One team based in Lorient<\/p>\n\n\n<\/div>\n\n\n\n<div class=\"wp-block-coopi-section\">\n<div class=\"wp-block-coopi-hero-title\"><h2 class=\"wp-block-coopi-hero-title__title\"><em class=\"wp-block-coopi-hero-title__prefix\" title=\"displayPrefix\"><\/em><span class=\"wp-block-coopi-hero-title__title\" title=\"displayTitle\">Technical<\/span><\/h2><\/div>\n\n\n\n<p>Our experts<\/p>\n\n\n<\/div>\n\n\n\n<div class=\"wp-block-buttons is-content-justification-center is-layout-flex wp-container-core-buttons-is-layout-16018d1d wp-block-buttons-is-layout-flex\">\n<div class=\"wp-block-button\"><a class=\"wp-block-button__link wp-element-button\" href=\"https:\/\/fr.lita.co\/en\/projects\/925-windcoop?external_origins=153515&amp;utm_source=windcoop&amp;utm_medium=entrepreneurship&amp;utm_campaign=20230105_windcoop_entrepreneurship_crowdfunding-23\">Invest<\/a><\/div>\n<\/div>\n","protected":false},"excerpt":{"rendered":"<p>Enter the heart of Windcoop <\/p>\n","protected":false},"author":1,"featured_media":0,"parent":0,"menu_order":0,"comment_status":"closed","ping_status":"closed","template":"","meta":{"_acf_changed":false,"footnotes":""},"class_list":["post-60","page","type-page","status-publish","hentry"],"acf":[],"_links":{"self":[{"href":"https:\/\/test.wind.coop\/en\/wp-json\/wp\/v2\/pages\/60","targetHints":{"allow":["GET"]}}],"collection":[{"href":"https:\/\/test.wind.coop\/en\/wp-json\/wp\/v2\/pages"}],"about":[{"href":"https:\/\/test.wind.coop\/en\/wp-json\/wp\/v2\/types\/page"}],"author":[{"embeddable":true,"href":"https:\/\/test.wind.coop\/en\/wp-json\/wp\/v2\/users\/1"}],"replies":[{"embeddable":true,"href":"https:\/\/test.wind.coop\/en\/wp-json\/wp\/v2\/comments?post=60"}],"version-history":[{"count":0,"href":"https:\/\/test.wind.coop\/en\/wp-json\/wp\/v2\/pages\/60\/revisions"}],"wp:attachment":[{"href":"https:\/\/test.wind.coop\/en\/wp-json\/wp\/v2\/media?parent=60"}],"curies":[{"name":"wp","href":"https:\/\/api.w.org\/{rel}","templated":true}]}}